{"id":10,"date":"2025-02-24T13:01:04","date_gmt":"2025-02-24T13:01:04","guid":{"rendered":"https:\/\/skarvjakt.se\/?page_id=10"},"modified":"2025-02-25T15:03:30","modified_gmt":"2025-02-25T15:03:30","slug":"refund_returns","status":"publish","type":"page","link":"https:\/\/skarvjakt.se\/en\/refund_returns\/","title":{"rendered":"Terms"},"content":{"rendered":"<h2 class=\"wp-block-heading\">Priser och Betalning<\/h2>\n\n\n\n<p>Priser i butiken visas inklusive moms, om du inte v\u00e4ljer n\u00e5got annat. Vid utcheckning redovisas all information i detalj, inklusive moms, med skatten specificerad separat.<\/p>\n\n\n\n<p>Vi f\u00f6rbeh\u00e5ller oss r\u00e4tten att \u00e4ndra priser vid omst\u00e4ndigheter utanf\u00f6r v\u00e5r kontroll (t.ex. valutaf\u00f6r\u00e4ndringar, \u00f6kade ink\u00f6ps- eller tillverkningskostnader eller h\u00f6jd moms). Vi f\u00f6rbeh\u00e5ller oss ocks\u00e5 r\u00e4tten att annullera best\u00e4llningar d\u00e4r varan \u00e4r uppenbart felaktigt prissatt.<\/p>\n\n\n\n<p>Betalningsvillkor anges vid utcheckning och kan variera beroende p\u00e5 vilken betalningsmetod som v\u00e4ljs. Fraktvillkor f\u00f6ljer det fraktalternativ som valts vid utcheckning.<\/p>\n\n\n\n<h2 class=\"wp-block-heading\">\u00c5ngerr\u00e4tt<\/h2>\n\n\n\n<p>Du har r\u00e4tt att \u00e5ngra din best\u00e4llning enligt distansavtalslagen vid k\u00f6p fr\u00e5n denna webbshop (\u00e5ngerr\u00e4tt inom 14 dagar efter att kunden har mottagit sin best\u00e4llning).<\/p>\n\n\n\n<h2 class=\"wp-block-heading\">Garanti<\/h2>\n\n\n\n<p>Alla produkter du k\u00f6per kommer med full garanti i enlighet med g\u00e4llande lagstiftning.<\/p>\n\n\n\n<h2 class=\"wp-block-heading\">Leveranser<\/h2>\n\n\n\n<p>Leveransmetoder, villkor och tider kan variera. Exempelvis kan en specialbest\u00e4lld vara ta l\u00e4ngre tid att leverera \u00e4n en vara som finns i lager vid tidpunkten f\u00f6r din best\u00e4llning. Standardleveranstiden f\u00f6r v\u00e5ra produkter \u00e4r 1-2 dagar.<\/p>\n\n\n\n<p>Om leveransen av en vara skulle bli f\u00f6rsenad bortom den avtalade tiden eller vad som rimligen kan anses vara normal leveranstid, v\u00e4nligen kontakta oss s\u00e5 snart som m\u00f6jligt. Detta ger oss m\u00f6jlighet att snabbt och enkelt unders\u00f6ka orsaken till f\u00f6rseningen.<\/p>\n\n\n\n<p>Vi anv\u00e4nder PostNord f\u00f6r leveranser till dig. F\u00f6rseningar kan uppst\u00e5 inom deras leveransscheman. Vi ansvarar inte f\u00f6r leveranstiden n\u00e4r paketet har \u00f6verl\u00e4mnats till fraktbolaget, men vi hj\u00e4lper g\u00e4rna till att unders\u00f6ka orsaken till en eventuell f\u00f6rsening.<\/p>\n\n\n\n<h2 class=\"wp-block-heading\">Ej h\u00e4mtade Paket<\/h2>\n\n\n\n<p>Vi ansvarar inte f\u00f6r paket som inte h\u00e4mtas ut. Vi ansvarar heller inte f\u00f6r outl\u00f6sta paket som returneras till oss. Paket som returneras till oss skickas p\u00e5 din risk och du ansvarar \u00e4ven f\u00f6r fraktkostnaden. Det \u00e4r d\u00e4rf\u00f6r viktigt att du h\u00e4mtar ut ditt paket, \u00e4ven om du har \u00e5ngrat ditt k\u00f6p.<\/p>\n\n\n\n<p>Om du som kund missar att h\u00e4mta ut paketet men \u00e4nd\u00e5 vill ha varan, ansvarar du f\u00f6r returfrakten samt fraktkostnaden f\u00f6r andra utskicket.<\/p>\n\n\n\n<h2 class=\"wp-block-heading\">Returer<\/h2>\n\n\n\n<p>F\u00f6r att returnera en vara s\u00e5 maila oss p\u00e5 kontakt@skarvjakt.se samt skicka din vara till:<\/p>\n\n\n\n<p>G\u00e5rdsk\u00e4rsberget AB<br>G\u00e5rdsk\u00e4rsv\u00e4gen 58<br>814 93 Skutsk\u00e4r, Sweden<\/p>\n\n\n\n<h2 class=\"wp-block-heading\">Tvister<\/h2>\n\n\n\n<p>Vi str\u00e4var alltid efter att v\u00e5ra kunder ska vara n\u00f6jda med de produkter och tj\u00e4nster vi erbjuder. Det \u00e4r d\u00e4rf\u00f6r v\u00e5r policy att i f\u00f6rsta hand l\u00f6sa eventuella oenigheter genom att komma \u00f6verens om en l\u00f6sning som gynnar b\u00e5da parter. Om vi trots v\u00e5ra anstr\u00e4ngningar inte kan n\u00e5 en \u00f6verenskommelse rekommenderar vi att du kontaktar Allm\u00e4nna reklamationsn\u00e4mnden (ARN) f\u00f6r en oberoende granskning. Vi f\u00f6ljer ARN:s rekommendationer.<\/p>\n\n\n\n<p><h2>Beh\u00f6ver du hj\u00e4lp?<\/h2><\/p>\n\n\n\n<p>Kontakta oss p\u00e5 kontakt@skarvjakt.se eller ring 070-999 69 57 f\u00f6r fr\u00e5gor g\u00e4llande k\u00f6p och \u00e5ngerr\u00e4tt.<\/p>\n\n\n\n<p><\/p>","protected":false},"excerpt":{"rendered":"<p>Priser och Betalning Priser i butiken visas inklusive moms, om du inte v\u00e4ljer n\u00e5got annat. Vid utcheckning redovisas all information i detalj, inklusive moms, med skatten specificerad separat. Vi f\u00f6rbeh\u00e5ller oss r\u00e4tten att \u00e4ndra priser vid omst\u00e4ndigheter utanf\u00f6r v\u00e5r kontroll (t.ex. valutaf\u00f6r\u00e4ndringar, \u00f6kade ink\u00f6ps- eller tillverkningskostnader eller h\u00f6jd moms). Vi f\u00f6rbeh\u00e5ller oss ocks\u00e5 r\u00e4tten att [&hellip;]<\/p>\n","protected":false},"author":1,"featured_media":0,"parent":0,"menu_order":0,"comment_status":"closed","ping_status":"closed","template":"","meta":{"footnotes":""},"class_list":["post-10","page","type-page","status-publish","hentry"],"_links":{"self":[{"href":"https:\/\/skarvjakt.se\/en\/wp-json\/wp\/v2\/pages\/10","targetHints":{"allow":["GET"]}}],"collection":[{"href":"https:\/\/skarvjakt.se\/en\/wp-json\/wp\/v2\/pages"}],"about":[{"href":"https:\/\/skarvjakt.se\/en\/wp-json\/wp\/v2\/types\/page"}],"author":[{"embeddable":true,"href":"https:\/\/skarvjakt.se\/en\/wp-json\/wp\/v2\/users\/1"}],"replies":[{"embeddable":true,"href":"https:\/\/skarvjakt.se\/en\/wp-json\/wp\/v2\/comments?post=10"}],"version-history":[{"count":5,"href":"https:\/\/skarvjakt.se\/en\/wp-json\/wp\/v2\/pages\/10\/revisions"}],"predecessor-version":[{"id":7191,"href":"https:\/\/skarvjakt.se\/en\/wp-json\/wp\/v2\/pages\/10\/revisions\/7191"}],"wp:attachment":[{"href":"https:\/\/skarvjakt.se\/en\/wp-json\/wp\/v2\/media?parent=10"}],"curies":[{"name":"wp","href":"https:\/\/api.w.org\/{rel}","templated":true}]}}