{"id":7220,"date":"2025-04-01T18:19:25","date_gmt":"2025-04-01T18:19:25","guid":{"rendered":"https:\/\/skarvjakt.se\/?post_type=product&#038;p=7220"},"modified":"2026-05-13T08:35:06","modified_gmt":"2026-05-13T08:35:06","slug":"7220","status":"publish","type":"product","link":"https:\/\/skarvjakt.se\/en\/product\/7220\/","title":{"rendered":"3D Resting Decoy (2-Pack)"},"content":{"rendered":"<p>3D-bulvan med kr\u00f6kt hals i vilost\u00e4llning och med l\u00f6stagbart ben. Vackert handm\u00e5lat ansikte och extremt v\u00e4lliknande en riktig skarv. Under foten finns en r\u00f6rformad hylsa som placeras i benst\u00f6d. (se separat produkt) Detta eftersom skarvbulvaner som regel alltid placeras p\u00e5 stenar eller berggrund. Notera att dessa kommer parvis. Notera \u00e4ven att det <a href=\"https:\/\/skarvjakt.se\/en\/product\/metallstod-for-siluetter-och-bulvaner\/\">aluminiumst\u00f6d <\/a>som bulvanen st\u00e5r p\u00e5 s\u00e4ljs separat. <\/p>\n\n\n\n<p><\/p>","protected":false},"excerpt":{"rendered":"<p>3D-bulvan med kr\u00f6kt hals i vilost\u00e4llning och med l\u00f6stagbart ben. Vackert handm\u00e5lat ansikte och extremt v\u00e4lliknande en riktig skarv. Under foten finns en r\u00f6rformad hylsa som placeras i benst\u00f6d. (se separat produkt) Detta eftersom skarvbulvaner som regel alltid placeras p\u00e5 stenar eller berggrund. Notera att dessa kommer parvis. Notera \u00e4ven att det aluminiumst\u00f6d som bulvanen [&hellip;]<\/p>\n","protected":false},"featured_media":7221,"comment_status":"open","ping_status":"closed","template":"","meta":[],"product_brand":[],"product_cat":[20],"product_tag":[],"class_list":{"0":"post-7220","1":"product","2":"type-product","3":"status-publish","4":"has-post-thumbnail","6":"product_cat-vettar","8":"first","9":"instock","10":"taxable","11":"shipping-taxable","12":"purchasable","13":"product-type-simple"},"_links":{"self":[{"href":"https:\/\/skarvjakt.se\/en\/wp-json\/wp\/v2\/product\/7220","targetHints":{"allow":["GET"]}}],"collection":[{"href":"https:\/\/skarvjakt.se\/en\/wp-json\/wp\/v2\/product"}],"about":[{"href":"https:\/\/skarvjakt.se\/en\/wp-json\/wp\/v2\/types\/product"}],"replies":[{"embeddable":true,"href":"https:\/\/skarvjakt.se\/en\/wp-json\/wp\/v2\/comments?post=7220"}],"wp:featuredmedia":[{"embeddable":true,"href":"https:\/\/skarvjakt.se\/en\/wp-json\/wp\/v2\/media\/7221"}],"wp:attachment":[{"href":"https:\/\/skarvjakt.se\/en\/wp-json\/wp\/v2\/media?parent=7220"}],"wp:term":[{"taxonomy":"product_brand","embeddable":true,"href":"https:\/\/skarvjakt.se\/en\/wp-json\/wp\/v2\/product_brand?post=7220"},{"taxonomy":"product_cat","embeddable":true,"href":"https:\/\/skarvjakt.se\/en\/wp-json\/wp\/v2\/product_cat?post=7220"},{"taxonomy":"product_tag","embeddable":true,"href":"https:\/\/skarvjakt.se\/en\/wp-json\/wp\/v2\/product_tag?post=7220"}],"curies":[{"name":"wp","href":"https:\/\/api.w.org\/{rel}","templated":true}]}}