{"id":7229,"date":"2025-04-01T18:47:37","date_gmt":"2025-04-01T18:47:37","guid":{"rendered":"https:\/\/skarvjakt.se\/?post_type=product&#038;p=7229"},"modified":"2026-05-13T08:35:09","modified_gmt":"2026-05-13T08:35:09","slug":"siluett-med-krokt-hals","status":"publish","type":"product","link":"https:\/\/skarvjakt.se\/en\/product\/siluett-med-krokt-hals\/","title":{"rendered":"Silhouette with Curved Neck"},"content":{"rendered":"<p>Using silhouettes is a cost-effective way to create a larger gathering of \u201cbirds\u201d on rocks and skerries. By combining three-dimensional figures with silhouettes, costs are kept down while also making it easier to fit everything into the boat.\n\nWe have developed four different silhouette variants, and this model with a curved neck gives the impression of a resting bird. By mixing silhouettes with different body postures, a realistic image of a group of cormorants is created \u2014 irresistible to many cormorants searching for food or companionship.<\/p>\n\n\n\n<p>Siluetten levereras med ett l\u00f6stagbart ben av metall som har tv\u00e5 metallpinnar som skjuts upp i siluetten underifr\u00e5n invid s\u00e4rskilda markeringar. Under foten sitter en hylsa av samma dimension som den som de 3-dimensionella bulvanerna har f\u00f6r montering i <a href=\"https:\/\/skarvjakt.se\/en\/product\/metallstod-for-siluetter-och-bulvaner\/\">metallst\u00f6d av aluminium <\/a>som s\u00e4ljs separat. (Se separat produktbeskrivning) Siluetten \u00e4r gjord av 8 mm kanalplast och \u00e4r mycket styv i konstruktionen.<\/p>\n\n\n\n<p><\/p>","protected":false},"excerpt":{"rendered":"<p>Att anv\u00e4nda sig av siluetter \u00e4r en kostnadseffektivt s\u00e4tt att skapa en st\u00f6rre samling \u201df\u00e5glar\u201d p\u00e5 klippor och sk\u00e4r. Genom att blanda 3-dimesionella figurer med siluetter h\u00e5lls kostnaderna nere och det blir l\u00e4ttare att f\u00e5 plats med allt i b\u00e5ten. Vi har tagit fram fyra olika varianter av siluetter och denna med kr\u00f6kt hals ger [&hellip;]<\/p>\n","protected":false},"featured_media":7230,"comment_status":"open","ping_status":"closed","template":"","meta":[],"product_brand":[],"product_cat":[20],"product_tag":[],"class_list":{"0":"post-7229","1":"product","2":"type-product","3":"status-publish","4":"has-post-thumbnail","6":"product_cat-vettar","8":"first","9":"instock","10":"taxable","11":"shipping-taxable","12":"purchasable","13":"product-type-simple"},"_links":{"self":[{"href":"https:\/\/skarvjakt.se\/en\/wp-json\/wp\/v2\/product\/7229","targetHints":{"allow":["GET"]}}],"collection":[{"href":"https:\/\/skarvjakt.se\/en\/wp-json\/wp\/v2\/product"}],"about":[{"href":"https:\/\/skarvjakt.se\/en\/wp-json\/wp\/v2\/types\/product"}],"replies":[{"embeddable":true,"href":"https:\/\/skarvjakt.se\/en\/wp-json\/wp\/v2\/comments?post=7229"}],"wp:featuredmedia":[{"embeddable":true,"href":"https:\/\/skarvjakt.se\/en\/wp-json\/wp\/v2\/media\/7230"}],"wp:attachment":[{"href":"https:\/\/skarvjakt.se\/en\/wp-json\/wp\/v2\/media?parent=7229"}],"wp:term":[{"taxonomy":"product_brand","embeddable":true,"href":"https:\/\/skarvjakt.se\/en\/wp-json\/wp\/v2\/product_brand?post=7229"},{"taxonomy":"product_cat","embeddable":true,"href":"https:\/\/skarvjakt.se\/en\/wp-json\/wp\/v2\/product_cat?post=7229"},{"taxonomy":"product_tag","embeddable":true,"href":"https:\/\/skarvjakt.se\/en\/wp-json\/wp\/v2\/product_tag?post=7229"}],"curies":[{"name":"wp","href":"https:\/\/api.w.org\/{rel}","templated":true}]}}