{"id":7232,"date":"2025-04-01T18:57:15","date_gmt":"2025-04-01T18:57:15","guid":{"rendered":"https:\/\/skarvjakt.se\/?post_type=product&#038;p=7232"},"modified":"2026-05-13T08:35:09","modified_gmt":"2026-05-13T08:35:09","slug":"siluett-med-strackt-hals","status":"publish","type":"product","link":"https:\/\/skarvjakt.se\/en\/product\/siluett-med-strackt-hals\/","title":{"rendered":"Silhouette with Spread Wings"},"content":{"rendered":"<p>Using silhouettes is a cost-effective way to create a larger gathering of \u201cbirds\u201d on rocks and skerries. By combining three-dimensional figures with silhouettes, costs are kept down while also making it easier to fit everything into the boat.\n\nWe have developed four different silhouette variants, and this one with spread wings appears to be standing and drying them in the wind. For the most realistic effect, this silhouette should always be positioned facing into the wind.\n\nBy mixing silhouettes with different body postures, a convincing image of a gathering of cormorants is created \u2014 irresistible to many cormorants searching for food or companionship.<\/p>\n\n\n\n<p>The silhouette is supplied with a removable metal leg featuring four metal pins that are inserted into the silhouette from underneath at designated markings in both the body and wings. This prevents the wings from twisting against the silhouette.\n\nBeneath the foot is a sleeve of the same dimension as those used on the three-dimensional decoys for mounting in aluminum metal supports. (See separate product description.)\n\nThe silhouette is made from 8 mm corrugated plastic and has a very rigid construction. The wings are additionally reinforced with an attached 1 mm black steel plate. <\/p>\n\n\n\n<p><\/p>","protected":false},"excerpt":{"rendered":"<p>Att anv\u00e4nda sig av siluetter \u00e4r en kostnadseffektivt s\u00e4tt att skapa en st\u00f6rre samling \u201df\u00e5glar\u201d p\u00e5 klippor och sk\u00e4r. Genom att blanda 3-dimesionella figurer med siluetter h\u00e5lls kostnaderna nere och det blir l\u00e4ttare att f\u00e5 plats med allt i b\u00e5ten. Vi har tagit fram fyra olika varianter av siluetter och denna med vingarna utsp\u00e4nda ser [&hellip;]<\/p>\n","protected":false},"featured_media":7233,"comment_status":"open","ping_status":"closed","template":"","meta":[],"product_brand":[],"product_cat":[20],"product_tag":[],"class_list":{"0":"post-7232","1":"product","2":"type-product","3":"status-publish","4":"has-post-thumbnail","6":"product_cat-vettar","8":"first","9":"instock","10":"taxable","11":"shipping-taxable","12":"purchasable","13":"product-type-simple"},"_links":{"self":[{"href":"https:\/\/skarvjakt.se\/en\/wp-json\/wp\/v2\/product\/7232","targetHints":{"allow":["GET"]}}],"collection":[{"href":"https:\/\/skarvjakt.se\/en\/wp-json\/wp\/v2\/product"}],"about":[{"href":"https:\/\/skarvjakt.se\/en\/wp-json\/wp\/v2\/types\/product"}],"replies":[{"embeddable":true,"href":"https:\/\/skarvjakt.se\/en\/wp-json\/wp\/v2\/comments?post=7232"}],"wp:featuredmedia":[{"embeddable":true,"href":"https:\/\/skarvjakt.se\/en\/wp-json\/wp\/v2\/media\/7233"}],"wp:attachment":[{"href":"https:\/\/skarvjakt.se\/en\/wp-json\/wp\/v2\/media?parent=7232"}],"wp:term":[{"taxonomy":"product_brand","embeddable":true,"href":"https:\/\/skarvjakt.se\/en\/wp-json\/wp\/v2\/product_brand?post=7232"},{"taxonomy":"product_cat","embeddable":true,"href":"https:\/\/skarvjakt.se\/en\/wp-json\/wp\/v2\/product_cat?post=7232"},{"taxonomy":"product_tag","embeddable":true,"href":"https:\/\/skarvjakt.se\/en\/wp-json\/wp\/v2\/product_tag?post=7232"}],"curies":[{"name":"wp","href":"https:\/\/api.w.org\/{rel}","templated":true}]}}