{"id":7239,"date":"2025-04-01T19:21:59","date_gmt":"2025-04-01T19:21:59","guid":{"rendered":"https:\/\/skarvjakt.se\/?post_type=product&#038;p=7239"},"modified":"2026-05-13T14:34:59","modified_gmt":"2026-05-13T14:34:59","slug":"miniankare-for-vettar","status":"publish","type":"product","link":"https:\/\/skarvjakt.se\/en\/product\/miniankare-for-vettar\/","title":{"rendered":"Mini Anchor (70 g) for Decoys"},"content":{"rendered":"<p>Here you will find mini anchors designed for anchoring one or multiple decoys. They are made of lead. The larger anchor weighs 140 grams, while the smaller weighs 70 grams, making the latter well suited for anchoring one or a couple of birds. The larger anchor can hold a group of five to ten decoys, depending on wind conditions.\n\nWe usually anchor five decoys on each line and use a total of 15\u201320 decoys in a spread arranged as three U-shapes with the openings facing into the wind and an anchor at each end. A setup like this is almost irresistible to other cormorants. <\/p>\n\n\n\n<p>Keep in mind that cormorants looking to land among a spread of decoys will usually choose to land just outside the outermost bird. Therefore, the outermost decoy should not be placed more than 25 meters from the shooting position.<\/p>\n\n\n\n<p><\/p>","protected":false},"excerpt":{"rendered":"<p>H\u00e4r finns miniankare f\u00f6r att ankra upp en eller flera vettar. De \u00e4r gjorda bly. Det st\u00f6rre ankaret v\u00e4ger 140 gram och det mindre 70 gram och det senare passar bra att ankra upp en eller ett par f\u00e5glar. Det st\u00f6rre kan ankra upp en grupp om fem \u2013 tio vettar beroende p\u00e5 hur mycket [&hellip;]<\/p>\n","protected":false},"featured_media":7240,"comment_status":"open","ping_status":"closed","template":"","meta":[],"product_brand":[],"product_cat":[15],"product_tag":[],"class_list":{"0":"post-7239","1":"product","2":"type-product","3":"status-publish","4":"has-post-thumbnail","6":"product_cat-tillbehor","8":"first","9":"outofstock","10":"taxable","11":"shipping-taxable","12":"purchasable","13":"product-type-simple"},"_links":{"self":[{"href":"https:\/\/skarvjakt.se\/en\/wp-json\/wp\/v2\/product\/7239","targetHints":{"allow":["GET"]}}],"collection":[{"href":"https:\/\/skarvjakt.se\/en\/wp-json\/wp\/v2\/product"}],"about":[{"href":"https:\/\/skarvjakt.se\/en\/wp-json\/wp\/v2\/types\/product"}],"replies":[{"embeddable":true,"href":"https:\/\/skarvjakt.se\/en\/wp-json\/wp\/v2\/comments?post=7239"}],"wp:featuredmedia":[{"embeddable":true,"href":"https:\/\/skarvjakt.se\/en\/wp-json\/wp\/v2\/media\/7240"}],"wp:attachment":[{"href":"https:\/\/skarvjakt.se\/en\/wp-json\/wp\/v2\/media?parent=7239"}],"wp:term":[{"taxonomy":"product_brand","embeddable":true,"href":"https:\/\/skarvjakt.se\/en\/wp-json\/wp\/v2\/product_brand?post=7239"},{"taxonomy":"product_cat","embeddable":true,"href":"https:\/\/skarvjakt.se\/en\/wp-json\/wp\/v2\/product_cat?post=7239"},{"taxonomy":"product_tag","embeddable":true,"href":"https:\/\/skarvjakt.se\/en\/wp-json\/wp\/v2\/product_tag?post=7239"}],"curies":[{"name":"wp","href":"https:\/\/api.w.org\/{rel}","templated":true}]}}