{"id":7335,"date":"2025-04-17T10:58:57","date_gmt":"2025-04-17T10:58:57","guid":{"rendered":"https:\/\/skarvjakt.se\/?post_type=product&#038;p=7335"},"modified":"2026-05-13T08:35:13","modified_gmt":"2026-05-13T08:35:13","slug":"lina-for-flytvettar","status":"publish","type":"product","link":"https:\/\/skarvjakt.se\/en\/product\/lina-for-flytvettar\/","title":{"rendered":"Line for Floating Decoys"},"content":{"rendered":"<p>A highly flexible PVC line specially designed for anchoring decoys. The line does not rot, does not need drying, and does not tangle, making it safer if you have a retrieving dog.\n\nBy anchoring a main line and clipping several decoys onto it, you can quickly deploy a large number of decoys in a short amount of time. We usually anchor the decoys in an open U-shape facing into the wind using two anchors, then clip in five decoys at irregular intervals to create a realistic appearance on the water.\n\nThe spool contains 50 meters of line.<\/p>","protected":false},"excerpt":{"rendered":"<p>En mycket smidig PVC-lina s\u00e4rskilt framtagen f\u00f6r uppankring av vettar. Linan ruttnar inte, beh\u00f6ver inte torka, trasslar inte vilket \u00e4r s\u00e4krare om du har en apporterande hund. Genom att ankra upp en huvudlina och p\u00e5 denna klicka in ett antal vettar kan man enkelt f\u00e5 ut m\u00e5nga vettar p\u00e5 kort tid. Vi brukar ankra upp [&hellip;]<\/p>\n","protected":false},"featured_media":7336,"comment_status":"open","ping_status":"closed","template":"","meta":[],"product_brand":[],"product_cat":[15],"product_tag":[],"class_list":{"0":"post-7335","1":"product","2":"type-product","3":"status-publish","4":"has-post-thumbnail","6":"product_cat-tillbehor","8":"first","9":"instock","10":"taxable","11":"shipping-taxable","12":"purchasable","13":"product-type-simple"},"_links":{"self":[{"href":"https:\/\/skarvjakt.se\/en\/wp-json\/wp\/v2\/product\/7335","targetHints":{"allow":["GET"]}}],"collection":[{"href":"https:\/\/skarvjakt.se\/en\/wp-json\/wp\/v2\/product"}],"about":[{"href":"https:\/\/skarvjakt.se\/en\/wp-json\/wp\/v2\/types\/product"}],"replies":[{"embeddable":true,"href":"https:\/\/skarvjakt.se\/en\/wp-json\/wp\/v2\/comments?post=7335"}],"wp:featuredmedia":[{"embeddable":true,"href":"https:\/\/skarvjakt.se\/en\/wp-json\/wp\/v2\/media\/7336"}],"wp:attachment":[{"href":"https:\/\/skarvjakt.se\/en\/wp-json\/wp\/v2\/media?parent=7335"}],"wp:term":[{"taxonomy":"product_brand","embeddable":true,"href":"https:\/\/skarvjakt.se\/en\/wp-json\/wp\/v2\/product_brand?post=7335"},{"taxonomy":"product_cat","embeddable":true,"href":"https:\/\/skarvjakt.se\/en\/wp-json\/wp\/v2\/product_cat?post=7335"},{"taxonomy":"product_tag","embeddable":true,"href":"https:\/\/skarvjakt.se\/en\/wp-json\/wp\/v2\/product_tag?post=7335"}],"curies":[{"name":"wp","href":"https:\/\/api.w.org\/{rel}","templated":true}]}}