{"id":7512,"date":"2025-06-30T18:33:57","date_gmt":"2025-06-30T18:33:57","guid":{"rendered":"https:\/\/skarvjakt.se\/?post_type=product&#038;p=7512"},"modified":"2026-05-13T08:35:18","modified_gmt":"2026-05-13T08:35:18","slug":"3d-bulvan-med-strackt-hals","status":"publish","type":"product","link":"https:\/\/skarvjakt.se\/en\/product\/3d-bulvan-med-strackt-hals\/","title":{"rendered":"3D Decoy with Extended Neck (2-Pack)"},"content":{"rendered":"<p>Bulvan med str\u00e4ckt hals som ger intryck av en vaksam f\u00e5gel. OBS att denna bulvan har tv\u00e5 fyrkantiga h\u00e5l i sidan av kroppen d\u00e4r vingar kan f\u00e4stas in f\u00f6r att f\u00e5 en f\u00e5gel som torkar sina vingar. (se separat produkt) Bulvanen har ett handm\u00e5lat ansikte och \u00e4r mycket v\u00e4lliknande en riktig skarv. Obs, det <a href=\"https:\/\/skarvjakt.se\/en\/product\/metallstod-for-siluetter-och-bulvaner\/\">aluminiumst\u00f6d<\/a> som bulvanen st\u00e5r p\u00e5 s\u00e4ljs separat.<\/p>\n\n\n\n<p><\/p>","protected":false},"excerpt":{"rendered":"<p>Bulvan med str\u00e4ckt hals som ger intryck av en vaksam f\u00e5gel. OBS att denna bulvan har tv\u00e5 fyrkantiga h\u00e5l i sidan av kroppen d\u00e4r vingar kan f\u00e4stas in f\u00f6r att f\u00e5 en f\u00e5gel som torkar sina vingar. (se separat produkt) Bulvanen har ett handm\u00e5lat ansikte och \u00e4r mycket v\u00e4lliknande en riktig skarv. Obs, det aluminiumst\u00f6d [&hellip;]<\/p>\n","protected":false},"featured_media":7513,"comment_status":"open","ping_status":"closed","template":"","meta":[],"product_brand":[],"product_cat":[20],"product_tag":[],"class_list":{"0":"post-7512","1":"product","2":"type-product","3":"status-publish","4":"has-post-thumbnail","6":"product_cat-vettar","8":"first","9":"instock","10":"taxable","11":"shipping-taxable","12":"purchasable","13":"product-type-simple"},"_links":{"self":[{"href":"https:\/\/skarvjakt.se\/en\/wp-json\/wp\/v2\/product\/7512","targetHints":{"allow":["GET"]}}],"collection":[{"href":"https:\/\/skarvjakt.se\/en\/wp-json\/wp\/v2\/product"}],"about":[{"href":"https:\/\/skarvjakt.se\/en\/wp-json\/wp\/v2\/types\/product"}],"replies":[{"embeddable":true,"href":"https:\/\/skarvjakt.se\/en\/wp-json\/wp\/v2\/comments?post=7512"}],"wp:featuredmedia":[{"embeddable":true,"href":"https:\/\/skarvjakt.se\/en\/wp-json\/wp\/v2\/media\/7513"}],"wp:attachment":[{"href":"https:\/\/skarvjakt.se\/en\/wp-json\/wp\/v2\/media?parent=7512"}],"wp:term":[{"taxonomy":"product_brand","embeddable":true,"href":"https:\/\/skarvjakt.se\/en\/wp-json\/wp\/v2\/product_brand?post=7512"},{"taxonomy":"product_cat","embeddable":true,"href":"https:\/\/skarvjakt.se\/en\/wp-json\/wp\/v2\/product_cat?post=7512"},{"taxonomy":"product_tag","embeddable":true,"href":"https:\/\/skarvjakt.se\/en\/wp-json\/wp\/v2\/product_tag?post=7512"}],"curies":[{"name":"wp","href":"https:\/\/api.w.org\/{rel}","templated":true}]}}