{"id":7516,"date":"2025-06-30T18:39:51","date_gmt":"2025-06-30T18:39:51","guid":{"rendered":"https:\/\/skarvjakt.se\/?post_type=product&#038;p=7516"},"modified":"2026-05-13T08:35:19","modified_gmt":"2026-05-13T08:35:19","slug":"siluett-med-strackt-hals-nyhet","status":"publish","type":"product","link":"https:\/\/skarvjakt.se\/en\/product\/siluett-med-strackt-hals-nyhet\/","title":{"rendered":"Silhouette with Extended Neck"},"content":{"rendered":"<p>Denna siluett har samma h\u00e5llning som den som b\u00e4r vingar men saknar sp\u00e5ren f\u00f6r dessa vingar. Den ger intryck av att vara p\u00e5 sin vakt och har den typiska h\u00e5llningen med huvudet h\u00f6gt spanande efter faror. Genom att blanda olika siluetter med olika kroppsh\u00e5llning skapas en trov\u00e4rdig bild av en grupp med f\u00e5glar. I en flock st\u00e5r alltid n\u00e5gon p\u00e5 vakt. Obs, det aluminiumst\u00f6d som siluetten st\u00e5r p\u00e5 s\u00e4ljs separat<\/p>","protected":false},"excerpt":{"rendered":"<p>Denna siluett har samma h\u00e5llning som den som b\u00e4r vingar men saknar sp\u00e5ren f\u00f6r dessa vingar. Den ger intryck av att vara p\u00e5 sin vakt och har den typiska h\u00e5llningen med huvudet h\u00f6gt spanande efter faror. Genom att blanda olika siluetter med olika kroppsh\u00e5llning skapas en trov\u00e4rdig bild av en grupp med f\u00e5glar. I en [&hellip;]<\/p>\n","protected":false},"featured_media":7517,"comment_status":"open","ping_status":"closed","template":"","meta":[],"product_brand":[],"product_cat":[],"product_tag":[],"class_list":{"0":"post-7516","1":"product","2":"type-product","3":"status-publish","4":"has-post-thumbnail","7":"first","8":"instock","9":"taxable","10":"shipping-taxable","11":"purchasable","12":"product-type-simple"},"_links":{"self":[{"href":"https:\/\/skarvjakt.se\/en\/wp-json\/wp\/v2\/product\/7516","targetHints":{"allow":["GET"]}}],"collection":[{"href":"https:\/\/skarvjakt.se\/en\/wp-json\/wp\/v2\/product"}],"about":[{"href":"https:\/\/skarvjakt.se\/en\/wp-json\/wp\/v2\/types\/product"}],"replies":[{"embeddable":true,"href":"https:\/\/skarvjakt.se\/en\/wp-json\/wp\/v2\/comments?post=7516"}],"wp:featuredmedia":[{"embeddable":true,"href":"https:\/\/skarvjakt.se\/en\/wp-json\/wp\/v2\/media\/7517"}],"wp:attachment":[{"href":"https:\/\/skarvjakt.se\/en\/wp-json\/wp\/v2\/media?parent=7516"}],"wp:term":[{"taxonomy":"product_brand","embeddable":true,"href":"https:\/\/skarvjakt.se\/en\/wp-json\/wp\/v2\/product_brand?post=7516"},{"taxonomy":"product_cat","embeddable":true,"href":"https:\/\/skarvjakt.se\/en\/wp-json\/wp\/v2\/product_cat?post=7516"},{"taxonomy":"product_tag","embeddable":true,"href":"https:\/\/skarvjakt.se\/en\/wp-json\/wp\/v2\/product_tag?post=7516"}],"curies":[{"name":"wp","href":"https:\/\/api.w.org\/{rel}","templated":true}]}}