{"id":7528,"date":"2025-07-05T19:35:20","date_gmt":"2025-07-05T19:35:20","guid":{"rendered":"https:\/\/skarvjakt.se\/?post_type=product&#038;p=7528"},"modified":"2026-05-13T08:35:20","modified_gmt":"2026-05-13T08:35:20","slug":"ammunitionspase","status":"publish","type":"product","link":"https:\/\/skarvjakt.se\/en\/product\/ammunitionspase\/","title":{"rendered":"Ammunition Pouch"},"content":{"rendered":"<p>Stop storing shotgun ammunition in cardboard boxes or plastic buckets. It should be practical, water-resistant, and take up minimal space. That\u2019s why you can conveniently store 50 shells (or up to 75 if you want to maximize capacity) in this waterproof dry bag made from durable nylon fabric with taped seams. Simply roll it up and clip it shut \u2014 done.\n\nIf you have other items you want to protect from moisture, such as dog food, your phone, or other valuables, this dry bag is a perfect choice.<\/p>","protected":false},"excerpt":{"rendered":"<p>Sluta f\u00f6rvara hagelammunition i pappersaskar eller plasthinkar. Det ska vara praktiskt, s\u00e4kert mot v\u00e4ta och ta minimalt med plats. D\u00e4rf\u00f6r kan du med f\u00f6rdel h\u00e4lla i 50 plugg (75 om du vill maxa) i en s\u00e5n h\u00e4r vattenfast packp\u00e5se i kraftig nylonv\u00e4v och med tejpade s\u00f6mmar. Rulla ihop och kn\u00e4pp s\u00e5 \u00e4r det klart. Om [&hellip;]<\/p>\n","protected":false},"featured_media":7529,"comment_status":"open","ping_status":"closed","template":"","meta":[],"product_brand":[],"product_cat":[15],"product_tag":[],"class_list":{"0":"post-7528","1":"product","2":"type-product","3":"status-publish","4":"has-post-thumbnail","6":"product_cat-tillbehor","8":"first","9":"instock","10":"taxable","11":"shipping-taxable","12":"purchasable","13":"product-type-simple"},"_links":{"self":[{"href":"https:\/\/skarvjakt.se\/en\/wp-json\/wp\/v2\/product\/7528","targetHints":{"allow":["GET"]}}],"collection":[{"href":"https:\/\/skarvjakt.se\/en\/wp-json\/wp\/v2\/product"}],"about":[{"href":"https:\/\/skarvjakt.se\/en\/wp-json\/wp\/v2\/types\/product"}],"replies":[{"embeddable":true,"href":"https:\/\/skarvjakt.se\/en\/wp-json\/wp\/v2\/comments?post=7528"}],"wp:featuredmedia":[{"embeddable":true,"href":"https:\/\/skarvjakt.se\/en\/wp-json\/wp\/v2\/media\/7529"}],"wp:attachment":[{"href":"https:\/\/skarvjakt.se\/en\/wp-json\/wp\/v2\/media?parent=7528"}],"wp:term":[{"taxonomy":"product_brand","embeddable":true,"href":"https:\/\/skarvjakt.se\/en\/wp-json\/wp\/v2\/product_brand?post=7528"},{"taxonomy":"product_cat","embeddable":true,"href":"https:\/\/skarvjakt.se\/en\/wp-json\/wp\/v2\/product_cat?post=7528"},{"taxonomy":"product_tag","embeddable":true,"href":"https:\/\/skarvjakt.se\/en\/wp-json\/wp\/v2\/product_tag?post=7528"}],"curies":[{"name":"wp","href":"https:\/\/api.w.org\/{rel}","templated":true}]}}