{"id":7654,"date":"2025-11-27T10:17:40","date_gmt":"2025-11-27T10:17:40","guid":{"rendered":"https:\/\/skarvjakt.se\/?post_type=product&#038;p=7654"},"modified":"2026-05-13T08:35:22","modified_gmt":"2026-05-13T08:35:22","slug":"vattentatt-vapenfordal","status":"publish","type":"product","link":"https:\/\/skarvjakt.se\/en\/product\/vattentatt-vapenfordal\/","title":{"rendered":"Waterproof Gun Case"},"content":{"rendered":"<p>At last, there is a completely waterproof gun case. You know how it is when it rains, saltwater splashes around, water collects in the boat, or in the worst-case scenario \u2014 the gun ends up in the water. Soaked gun cases cause firearms to rust, and the salty marine environment is harsh on equipment.\n\nNow there is a gun case that keeps your firearm dry and protected regardless of the weather. And if the worst should happen and you drop your gun into the water, it will float with the case.<\/p>\n\n\n\n<p>Fits firearms without a scope.<\/p>\n\n\n\n<p><\/p>\n\n\n\n<p>Available from January 2026<\/p>","protected":false},"excerpt":{"rendered":"<p>\u00c4ntligen finns det ett helt vattent\u00e4tt fodral till b\u00f6ssan. Ni vet sj\u00e4lva hur det \u00e4r n\u00e4r det regnar, skv\u00e4tter saltvatten, slagvatten i b\u00e5ten eller i v\u00e4rsta fall att man tappar b\u00f6ssan i sj\u00f6n. Dyngsura vapenfodral g\u00f6r att b\u00f6ssan rostar och den salta milj\u00f6n till havs och i b\u00e5ten \u00e4r tuff. Nu finns detta fodral till [&hellip;]<\/p>\n","protected":false},"featured_media":7659,"comment_status":"open","ping_status":"closed","template":"","meta":[],"product_brand":[],"product_cat":[],"product_tag":[],"class_list":{"0":"post-7654","1":"product","2":"type-product","3":"status-publish","4":"has-post-thumbnail","7":"first","8":"instock","9":"taxable","10":"shipping-taxable","11":"purchasable","12":"product-type-simple"},"_links":{"self":[{"href":"https:\/\/skarvjakt.se\/en\/wp-json\/wp\/v2\/product\/7654","targetHints":{"allow":["GET"]}}],"collection":[{"href":"https:\/\/skarvjakt.se\/en\/wp-json\/wp\/v2\/product"}],"about":[{"href":"https:\/\/skarvjakt.se\/en\/wp-json\/wp\/v2\/types\/product"}],"replies":[{"embeddable":true,"href":"https:\/\/skarvjakt.se\/en\/wp-json\/wp\/v2\/comments?post=7654"}],"wp:featuredmedia":[{"embeddable":true,"href":"https:\/\/skarvjakt.se\/en\/wp-json\/wp\/v2\/media\/7659"}],"wp:attachment":[{"href":"https:\/\/skarvjakt.se\/en\/wp-json\/wp\/v2\/media?parent=7654"}],"wp:term":[{"taxonomy":"product_brand","embeddable":true,"href":"https:\/\/skarvjakt.se\/en\/wp-json\/wp\/v2\/product_brand?post=7654"},{"taxonomy":"product_cat","embeddable":true,"href":"https:\/\/skarvjakt.se\/en\/wp-json\/wp\/v2\/product_cat?post=7654"},{"taxonomy":"product_tag","embeddable":true,"href":"https:\/\/skarvjakt.se\/en\/wp-json\/wp\/v2\/product_tag?post=7654"}],"curies":[{"name":"wp","href":"https:\/\/api.w.org\/{rel}","templated":true}]}}