{"id":7670,"date":"2025-12-12T06:33:29","date_gmt":"2025-12-12T06:33:29","guid":{"rendered":"https:\/\/skarvjakt.se\/?post_type=product&#038;p=7670"},"modified":"2026-05-13T08:35:22","modified_gmt":"2026-05-13T08:35:22","slug":"makeringsnat-fran-forsvarsmakten-bergskamouflage","status":"publish","type":"product","link":"https:\/\/skarvjakt.se\/en\/product\/makeringsnat-fran-forsvarsmakten-bergskamouflage\/","title":{"rendered":"Camouflage Net from the Armed Forces (Mountain Camouflage)"},"content":{"rendered":"<p>We have received a limited number of camouflage nets from the armed forces. The nets are in very good condition and are perfect for concealing a boat or shooting platform in archipelago environments. They measure 5\u00d75 meters.\n\nThese nets are extremely difficult to obtain, stock is limited, and we cannot guarantee that we will be able to source them again. If you purchase one, take good care of it and store it in a cool, dark place.<\/p>\n\n\n\n<p><\/p>","protected":false},"excerpt":{"rendered":"<p>Vi har f\u00e5tt in ett begr\u00e4nsat antal maskeringsn\u00e4t fr\u00e5n f\u00f6rsvarsmakten. N\u00e4ten \u00e4r i mycket gott skick och detta n\u00e4t \u00e4r perfekt f\u00f6r att maskera b\u00e5t eller skjutlave i sk\u00e4rg\u00e5rdsmilj\u00f6. De m\u00e4ter 5\u00d75 meter. Dessa n\u00e4t \u00e4r mycket sv\u00e5ra att f\u00e5 tag p\u00e5, lagret \u00e4r begr\u00e4nsat och vi kan inte lova att vi kommer f\u00e5 tag [&hellip;]<\/p>\n","protected":false},"featured_media":7668,"comment_status":"open","ping_status":"closed","template":"","meta":[],"product_brand":[],"product_cat":[22],"product_tag":[],"class_list":{"0":"post-7670","1":"product","2":"type-product","3":"status-publish","4":"has-post-thumbnail","6":"product_cat-kamouflage","8":"first","9":"outofstock","10":"taxable","11":"shipping-taxable","12":"purchasable","13":"product-type-simple"},"_links":{"self":[{"href":"https:\/\/skarvjakt.se\/en\/wp-json\/wp\/v2\/product\/7670","targetHints":{"allow":["GET"]}}],"collection":[{"href":"https:\/\/skarvjakt.se\/en\/wp-json\/wp\/v2\/product"}],"about":[{"href":"https:\/\/skarvjakt.se\/en\/wp-json\/wp\/v2\/types\/product"}],"replies":[{"embeddable":true,"href":"https:\/\/skarvjakt.se\/en\/wp-json\/wp\/v2\/comments?post=7670"}],"wp:featuredmedia":[{"embeddable":true,"href":"https:\/\/skarvjakt.se\/en\/wp-json\/wp\/v2\/media\/7668"}],"wp:attachment":[{"href":"https:\/\/skarvjakt.se\/en\/wp-json\/wp\/v2\/media?parent=7670"}],"wp:term":[{"taxonomy":"product_brand","embeddable":true,"href":"https:\/\/skarvjakt.se\/en\/wp-json\/wp\/v2\/product_brand?post=7670"},{"taxonomy":"product_cat","embeddable":true,"href":"https:\/\/skarvjakt.se\/en\/wp-json\/wp\/v2\/product_cat?post=7670"},{"taxonomy":"product_tag","embeddable":true,"href":"https:\/\/skarvjakt.se\/en\/wp-json\/wp\/v2\/product_tag?post=7670"}],"curies":[{"name":"wp","href":"https:\/\/api.w.org\/{rel}","templated":true}]}}