{"id":7696,"date":"2026-01-01T18:01:13","date_gmt":"2026-01-01T18:01:13","guid":{"rendered":"https:\/\/skarvjakt.se\/?post_type=product&#038;p=7696"},"modified":"2026-05-11T16:54:05","modified_gmt":"2026-05-11T16:54:05","slug":"jakthandskar","status":"publish","type":"product","link":"https:\/\/skarvjakt.se\/en\/product\/jakthandskar\/","title":{"rendered":"Hunting gloves"},"content":{"rendered":"<p>Supersk\u00f6na handskar som har kamouflagem\u00f6nster fr\u00e5n Real Tree Excape. F\u00f6ljsamma, v\u00e4rmande, bra grepp men \u00e4nd\u00e5 tunna f\u00f6r att kunna skjuta med. De h\u00e4r har vi designat sj\u00e4lva f\u00f6r att funka efter v\u00e5ra behov. Passar h\u00e4nder i storlek 9-11.<\/p>","protected":false},"excerpt":{"rendered":"<p>Supersk\u00f6na handskar som har kamouflagem\u00f6nster fr\u00e5n Real Tree Excape. F\u00f6ljsamma, v\u00e4rmande, bra grepp men \u00e4nd\u00e5 tunna f\u00f6r att kunna skjuta med. De h\u00e4r har vi designat sj\u00e4lva f\u00f6r att funka efter v\u00e5ra behov. Passar h\u00e4nder i storlek 9-11.<\/p>","protected":false},"featured_media":7697,"comment_status":"open","ping_status":"closed","template":"","meta":[],"product_brand":[],"product_cat":[22],"product_tag":[],"class_list":{"0":"post-7696","1":"product","2":"type-product","3":"status-publish","4":"has-post-thumbnail","6":"product_cat-kamouflage","8":"first","9":"instock","10":"sale","11":"taxable","12":"shipping-taxable","13":"purchasable","14":"product-type-simple"},"_links":{"self":[{"href":"https:\/\/skarvjakt.se\/en\/wp-json\/wp\/v2\/product\/7696","targetHints":{"allow":["GET"]}}],"collection":[{"href":"https:\/\/skarvjakt.se\/en\/wp-json\/wp\/v2\/product"}],"about":[{"href":"https:\/\/skarvjakt.se\/en\/wp-json\/wp\/v2\/types\/product"}],"replies":[{"embeddable":true,"href":"https:\/\/skarvjakt.se\/en\/wp-json\/wp\/v2\/comments?post=7696"}],"wp:featuredmedia":[{"embeddable":true,"href":"https:\/\/skarvjakt.se\/en\/wp-json\/wp\/v2\/media\/7697"}],"wp:attachment":[{"href":"https:\/\/skarvjakt.se\/en\/wp-json\/wp\/v2\/media?parent=7696"}],"wp:term":[{"taxonomy":"product_brand","embeddable":true,"href":"https:\/\/skarvjakt.se\/en\/wp-json\/wp\/v2\/product_brand?post=7696"},{"taxonomy":"product_cat","embeddable":true,"href":"https:\/\/skarvjakt.se\/en\/wp-json\/wp\/v2\/product_cat?post=7696"},{"taxonomy":"product_tag","embeddable":true,"href":"https:\/\/skarvjakt.se\/en\/wp-json\/wp\/v2\/product_tag?post=7696"}],"curies":[{"name":"wp","href":"https:\/\/api.w.org\/{rel}","templated":true}]}}