{"id":7808,"date":"2026-05-07T13:31:56","date_gmt":"2026-05-07T13:31:56","guid":{"rendered":"https:\/\/skarvjakt.se\/?post_type=product&#038;p=7808"},"modified":"2026-05-13T08:35:28","modified_gmt":"2026-05-13T08:35:28","slug":"jaktgomsle-realtree","status":"publish","type":"product","link":"https:\/\/skarvjakt.se\/en\/product\/jaktgomsle-realtree\/","title":{"rendered":"Jaktg\u00f6msle Realtree Gen 2"},"content":{"rendered":"<p>Denna uppdaterade version av v\u00e5rt jaktg\u00f6msle har uppgraderats med Realtree Excape kamouflage s\u00e5v\u00e4l in-som utv\u00e4ndigt. Runt hela g\u00f6mslet finns insytt res\u00e5r f\u00f6r att ge m\u00f6jlighet att \u201dpynta\u201d g\u00f6mslet med naturmaterial f\u00f6r maximalt kamouflage. Halva taket \u00e4r fast med genomsiktligt mesch samt sol\/regnskydd som tillbeh\u00f6r (ing\u00e5r i k\u00f6pet) Vidare kan man t\u00e4cka hela skjut\u00f6ppningen med ett meshtyg som medger att man ser ut men inte in. Med ett enkelt slag kan detta \u201dtak\u201d sl\u00e5s upp f\u00f6r att kunna skjuta inflygande f\u00e5gel. Som dess f\u00f6reg\u00e5ngare har g\u00f6mslet kraftiga tygfl\u00e4rpar runt om f\u00f6r att med sten eller t\u00e4ltpinnar kunna vinds\u00e4kra g\u00f6mslet. Detta g\u00f6msle \u00e4r prim\u00e4rt framtaget f\u00f6r jakt p\u00e5 f\u00e5gel men fungerar utm\u00e4rkt som jaktg\u00f6msle f\u00f6r all typ av vakjakt.<\/p>\n\n\n\n<p><\/p>","protected":false},"excerpt":{"rendered":"<p>Denna uppdaterade version av v\u00e5rt jaktg\u00f6msle har uppgraderats med Realtree Excape kamouflage s\u00e5v\u00e4l in-som utv\u00e4ndigt. Runt hela g\u00f6mslet finns insytt res\u00e5r f\u00f6r att ge m\u00f6jlighet att \u201dpynta\u201d g\u00f6mslet med naturmaterial f\u00f6r maximalt kamouflage. Halva taket \u00e4r fast med genomsiktligt mesch samt sol\/regnskydd som tillbeh\u00f6r (ing\u00e5r i k\u00f6pet) Vidare kan man t\u00e4cka hela skjut\u00f6ppningen med ett [&hellip;]<\/p>\n","protected":false},"featured_media":7810,"comment_status":"open","ping_status":"closed","template":"","meta":[],"product_brand":[],"product_cat":[22],"product_tag":[],"class_list":{"0":"post-7808","1":"product","2":"type-product","3":"status-publish","4":"has-post-thumbnail","6":"product_cat-kamouflage","8":"first","9":"instock","10":"taxable","11":"shipping-taxable","12":"purchasable","13":"product-type-simple"},"_links":{"self":[{"href":"https:\/\/skarvjakt.se\/en\/wp-json\/wp\/v2\/product\/7808","targetHints":{"allow":["GET"]}}],"collection":[{"href":"https:\/\/skarvjakt.se\/en\/wp-json\/wp\/v2\/product"}],"about":[{"href":"https:\/\/skarvjakt.se\/en\/wp-json\/wp\/v2\/types\/product"}],"replies":[{"embeddable":true,"href":"https:\/\/skarvjakt.se\/en\/wp-json\/wp\/v2\/comments?post=7808"}],"wp:featuredmedia":[{"embeddable":true,"href":"https:\/\/skarvjakt.se\/en\/wp-json\/wp\/v2\/media\/7810"}],"wp:attachment":[{"href":"https:\/\/skarvjakt.se\/en\/wp-json\/wp\/v2\/media?parent=7808"}],"wp:term":[{"taxonomy":"product_brand","embeddable":true,"href":"https:\/\/skarvjakt.se\/en\/wp-json\/wp\/v2\/product_brand?post=7808"},{"taxonomy":"product_cat","embeddable":true,"href":"https:\/\/skarvjakt.se\/en\/wp-json\/wp\/v2\/product_cat?post=7808"},{"taxonomy":"product_tag","embeddable":true,"href":"https:\/\/skarvjakt.se\/en\/wp-json\/wp\/v2\/product_tag?post=7808"}],"curies":[{"name":"wp","href":"https:\/\/api.w.org\/{rel}","templated":true}]}}